{"id":195,"date":"2019-02-24T15:29:41","date_gmt":"2019-02-24T14:29:41","guid":{"rendered":"http:\/\/larondedesfruits.test\/?page_id=16"},"modified":"2026-05-02T16:01:15","modified_gmt":"2026-05-02T14:01:15","slug":"presentation","status":"publish","type":"page","link":"https:\/\/larondedesfruits.fr\/","title":{"rendered":"Bonjour !"},"content":{"rendered":"\n<p class=\"has-text-align-center\"><strong><mark style=\"background-color:rgba(0, 0, 0, 0)\" class=\"has-inline-color has-vivid-green-cyan-color\">Ouverture de la libre cueillette Lundi 04\/05\/2026 \u00e0 08h ! <a href=\"https:\/\/larondedesfruits.fr\/?page_id=190\" data-type=\"page\" data-id=\"190\">Plus de renseignement sur la page libre cueillette.<\/a><\/mark><\/strong><\/p>\n\n\n<div class=\"wp-block-image is-style-default\">\n<figure class=\"aligncenter size-large is-resized\"><img loading=\"lazy\" decoding=\"async\" width=\"1024\" height=\"724\" src=\"https:\/\/larondedesfruits.fr\/wp-content\/uploads\/2025\/10\/Visuel-general-11-1024x724.jpg\" alt=\"\" class=\"wp-image-630\" style=\"width:461px;height:auto\" srcset=\"https:\/\/larondedesfruits.fr\/wp-content\/uploads\/2025\/10\/Visuel-general-11-1024x724.jpg 1024w, https:\/\/larondedesfruits.fr\/wp-content\/uploads\/2025\/10\/Visuel-general-11-300x212.jpg 300w, https:\/\/larondedesfruits.fr\/wp-content\/uploads\/2025\/10\/Visuel-general-11-768x543.jpg 768w, https:\/\/larondedesfruits.fr\/wp-content\/uploads\/2025\/10\/Visuel-general-11-1536x1086.jpg 1536w, https:\/\/larondedesfruits.fr\/wp-content\/uploads\/2025\/10\/Visuel-general-11-rotated.jpg 1754w\" sizes=\"auto, (max-width: 1024px) 100vw, 1024px\" \/><\/figure>\n<\/div>\n\n\n<div class=\"wp-block-columns is-layout-flex wp-container-core-columns-is-layout-9d6595d7 wp-block-columns-is-layout-flex\">\n<div class=\"wp-block-column is-layout-flow wp-block-column-is-layout-flow\">\n<div class=\"wp-block-columns is-layout-flex wp-container-core-columns-is-layout-9d6595d7 wp-block-columns-is-layout-flex\">\n<div class=\"wp-block-column is-layout-flow wp-block-column-is-layout-flow\">\n<p><\/p>\n<\/div>\n\n\n\n<div class=\"wp-block-column is-layout-flow wp-block-column-is-layout-flow\" style=\"flex-basis:50%\">\n<p class=\"has-text-align-center\">La Ronde des Fruits est une <strong>ferme et confiserie paysanne, <\/strong>certifi\u00e9e en <strong>Agriculture Biologique<\/strong> depuis 1998. Nous sommes situ\u00e9s dans le <strong>nord du Maine et Loire<\/strong>, \u00e0 la Membrolle-sur-Longuen\u00e9e, \u00e0 20 minutes au nord d&rsquo;Angers. Nous <a href=\"https:\/\/larondedesfruits.fr\/?page_id=581\" data-type=\"page\" data-id=\"581\">produisons<\/a>, en <strong>plein champ<\/strong>, des <strong>fruits<\/strong> et des <strong>petits fruits de saison<\/strong> : cassis, cerises, coings, fraises, framboises, groseilles, myrtilles,  pommes, prunes&#8230; ; mais \u00e9galement des <strong>produits transform\u00e9s<\/strong> \u00e0 base de ces m\u00eames fruits : confitures, coulis, gel\u00e9es, jus, pur\u00e9es, sirops, vinaigres. Nous produisons \u00e9galement des <strong>oeufs<\/strong>, et nous <a href=\"https:\/\/larondedesfruits.fr\/?page_id=595\" data-type=\"page\" data-id=\"595\">distribuons <\/a>en vente directe et en circuit-court dans le d\u00e9partement..<\/p>\n<\/div>\n\n\n\n<div class=\"wp-block-column is-layout-flow wp-block-column-is-layout-flow\"><\/div>\n<\/div>\n<\/div>\n<\/div>\n\n\n\n<p class=\"has-text-align-center has-medium-font-size\"><strong>Bienvenue chez nous !<\/strong><\/p>\n\n\n\n<div class=\"wp-block-columns is-layout-flex wp-container-core-columns-is-layout-9d6595d7 wp-block-columns-is-layout-flex\">\n<div class=\"wp-block-column is-layout-flow wp-block-column-is-layout-flow\" style=\"flex-basis:50%\">\n<p class=\"has-text-align-center\"><\/p>\n\n\n\n<div class=\"wp-block-columns is-layout-flex wp-container-core-columns-is-layout-9d6595d7 wp-block-columns-is-layout-flex\">\n<div class=\"wp-block-column is-layout-flow wp-block-column-is-layout-flow\" style=\"flex-basis:25%\">\n<div class=\"wp-block-columns is-layout-flex wp-container-core-columns-is-layout-9d6595d7 wp-block-columns-is-layout-flex\">\n<div class=\"wp-block-column is-layout-flow wp-block-column-is-layout-flow\" style=\"flex-basis:25%\"><\/div>\n\n\n\n<div class=\"wp-block-column is-layout-flow wp-block-column-is-layout-flow\" style=\"flex-basis:50%\"><\/div>\n\n\n\n<div class=\"wp-block-column is-layout-flow wp-block-column-is-layout-flow\" style=\"flex-basis:25%\"><\/div>\n<\/div>\n<\/div>\n\n\n\n<div class=\"wp-block-column is-layout-flow wp-block-column-is-layout-flow\" style=\"flex-basis:50%\"><\/div>\n\n\n\n<div class=\"wp-block-column is-layout-flow wp-block-column-is-layout-flow\" style=\"flex-basis:25%\"><\/div>\n<\/div>\n<\/div>\n\n\n\n<div class=\"wp-block-column is-layout-flow wp-block-column-is-layout-flow\" style=\"flex-basis:50%\"><\/div>\n<\/div>\n","protected":false},"excerpt":{"rendered":"<p>Ouverture de la libre cueillette Lundi 04\/05\/2026 \u00e0 08h ! Plus de renseignement sur la page libre cueillette. La Ronde des Fruits est une ferme et confiserie paysanne, certifi\u00e9e en Agriculture Biologique depuis 1998. Nous sommes situ\u00e9s dans le nord du Maine et Loire, \u00e0 la Membrolle-sur-Longuen\u00e9e, \u00e0 20 minutes au nord d&rsquo;Angers. Nous produisons, en plein champ, des fruits et des petits fruits de saison : cassis, cerises, coings, fraises, framboises, groseilles, myrtilles, pommes, prunes&#8230; ; mais \u00e9galement des produits transform\u00e9s \u00e0 base de ces m\u00eames fruits : confitures, coulis, gel\u00e9es, jus, pur\u00e9es, sirops, vinaigres. Nous produisons \u00e9galement des oeufs, et nous distribuons en vente directe et en circuit-court dans le d\u00e9partement.. Bienvenue chez nous !<\/p>\n","protected":false},"author":4,"featured_media":0,"parent":0,"menu_order":0,"comment_status":"closed","ping_status":"closed","template":"","meta":{"footnotes":""},"class_list":["post-195","page","type-page","status-publish","hentry"],"jetpack_sharing_enabled":true,"_links":{"self":[{"href":"https:\/\/larondedesfruits.fr\/index.php?rest_route=\/wp\/v2\/pages\/195","targetHints":{"allow":["GET"]}}],"collection":[{"href":"https:\/\/larondedesfruits.fr\/index.php?rest_route=\/wp\/v2\/pages"}],"about":[{"href":"https:\/\/larondedesfruits.fr\/index.php?rest_route=\/wp\/v2\/types\/page"}],"author":[{"embeddable":true,"href":"https:\/\/larondedesfruits.fr\/index.php?rest_route=\/wp\/v2\/users\/4"}],"replies":[{"embeddable":true,"href":"https:\/\/larondedesfruits.fr\/index.php?rest_route=%2Fwp%2Fv2%2Fcomments&post=195"}],"version-history":[{"count":31,"href":"https:\/\/larondedesfruits.fr\/index.php?rest_route=\/wp\/v2\/pages\/195\/revisions"}],"predecessor-version":[{"id":866,"href":"https:\/\/larondedesfruits.fr\/index.php?rest_route=\/wp\/v2\/pages\/195\/revisions\/866"}],"wp:attachment":[{"href":"https:\/\/larondedesfruits.fr\/index.php?rest_route=%2Fwp%2Fv2%2Fmedia&parent=195"}],"curies":[{"name":"wp","href":"https:\/\/api.w.org\/{rel}","templated":true}]}}