{"id":652,"date":"2025-10-21T14:52:23","date_gmt":"2025-10-21T12:52:23","guid":{"rendered":"https:\/\/larondedesfruits.fr\/?page_id=652"},"modified":"2025-10-29T06:34:49","modified_gmt":"2025-10-29T05:34:49","slug":"lequipe","status":"publish","type":"page","link":"https:\/\/larondedesfruits.fr\/?page_id=652","title":{"rendered":"L&rsquo;\u00e9quipe"},"content":{"rendered":"\n<div class=\"wp-block-columns is-layout-flex wp-container-core-columns-is-layout-9d6595d7 wp-block-columns-is-layout-flex\">\n<div class=\"wp-block-column is-layout-flow wp-block-column-is-layout-flow\" style=\"flex-basis:25%\"><\/div>\n\n\n\n<div class=\"wp-block-column is-layout-flow wp-block-column-is-layout-flow\" style=\"flex-basis:50%\">\n<p class=\"has-text-align-center\">La Ronde des Fruits, c&rsquo;est du <strong>vivant<\/strong>, et de l&rsquo;<strong>humain<\/strong> tout au long de l&rsquo;ann\u00e9e ! La ferme doit beaucoup aux saisonnier.es et aux stagiaires qui passent pour des dur\u00e9es plus ou moins longues. Au plus fort de la saison, on peut retrouver jusqu&rsquo;\u00e0 15 personnes dans les champs !<\/p>\n<\/div>\n\n\n\n<div class=\"wp-block-column is-layout-flow wp-block-column-is-layout-flow\" style=\"flex-basis:25%\"><\/div>\n<\/div>\n\n\n\n<p class=\"has-text-align-center\"><\/p>\n\n\n\n<div class=\"wp-block-columns is-layout-flex wp-container-core-columns-is-layout-9d6595d7 wp-block-columns-is-layout-flex\">\n<div class=\"wp-block-column is-layout-flow wp-block-column-is-layout-flow\"><\/div>\n\n\n\n<div class=\"wp-block-column is-layout-flow wp-block-column-is-layout-flow\">\n<p class=\"has-text-align-center\"><strong>Florence<\/strong>, notre magicienne des confitures, a rejoint l&rsquo;aventure de la ferme en 2008. Elle est la seule personne \u00e0 y travailler \u00e0 l&rsquo;ann\u00e9e et est la cheffe de la confiserie. C&rsquo;est gr\u00e2ce \u00e0 elle que les gourmandises produites sur la ferme prennent vie. Vous la retrouverez aussi \u00e0 l&rsquo;accueil de la libre-cueillette certains jours de l&rsquo;\u00e9t\u00e9.<\/p>\n<\/div>\n\n\n\n<div class=\"wp-block-column is-layout-flow wp-block-column-is-layout-flow\"><\/div>\n<\/div>\n\n\n<div class=\"wp-block-image is-style-rounded\">\n<figure class=\"aligncenter size-large is-resized\"><img loading=\"lazy\" decoding=\"async\" width=\"1024\" height=\"768\" src=\"https:\/\/larondedesfruits.fr\/wp-content\/uploads\/2025\/10\/20250806_093819-1024x768.jpg\" alt=\"\" class=\"wp-image-777\" style=\"width:527px;height:auto\" srcset=\"https:\/\/larondedesfruits.fr\/wp-content\/uploads\/2025\/10\/20250806_093819-1024x768.jpg 1024w, https:\/\/larondedesfruits.fr\/wp-content\/uploads\/2025\/10\/20250806_093819-300x225.jpg 300w, https:\/\/larondedesfruits.fr\/wp-content\/uploads\/2025\/10\/20250806_093819-768x576.jpg 768w, https:\/\/larondedesfruits.fr\/wp-content\/uploads\/2025\/10\/20250806_093819-1536x1152.jpg 1536w, https:\/\/larondedesfruits.fr\/wp-content\/uploads\/2025\/10\/20250806_093819-2048x1536.jpg 2048w\" sizes=\"auto, (max-width: 1024px) 100vw, 1024px\" \/><\/figure>\n<\/div>\n\n\n<p><\/p>\n\n\n\n<div class=\"wp-block-columns is-layout-flex wp-container-core-columns-is-layout-9d6595d7 wp-block-columns-is-layout-flex\">\n<div class=\"wp-block-column is-layout-flow wp-block-column-is-layout-flow\" style=\"flex-basis:25%\"><\/div>\n\n\n\n<div class=\"wp-block-column is-layout-flow wp-block-column-is-layout-flow\" style=\"flex-basis:50%\">\n<p class=\"has-text-align-center\"><strong>Merci au cru 2025 ! <\/strong><\/p>\n<\/div>\n\n\n\n<div class=\"wp-block-column is-layout-flow wp-block-column-is-layout-flow\" style=\"flex-basis:25%\"><\/div>\n<\/div>\n\n\n\n<p class=\"has-text-align-center\"><\/p>\n\n\n\n<div class=\"wp-block-columns is-layout-flex wp-container-core-columns-is-layout-9d6595d7 wp-block-columns-is-layout-flex\">\n<div class=\"wp-block-column is-layout-flow wp-block-column-is-layout-flow\" style=\"flex-basis:25%\"><\/div>\n\n\n\n<div class=\"wp-block-column is-layout-flow wp-block-column-is-layout-flow\" style=\"flex-basis:50%\">\n<p class=\"has-text-align-center\"><em>C&rsquo;est gr\u00e2ce \u00e0 vous si cette saison a \u00e9t\u00e9 si belle.<\/em><\/p>\n<\/div>\n\n\n\n<div class=\"wp-block-column is-layout-flow wp-block-column-is-layout-flow\" style=\"flex-basis:25%\"><\/div>\n<\/div>\n","protected":false},"excerpt":{"rendered":"<p>La Ronde des Fruits, c&rsquo;est du vivant, et de l&rsquo;humain tout au long de l&rsquo;ann\u00e9e ! La ferme doit beaucoup aux saisonnier.es et aux stagiaires qui passent pour des dur\u00e9es plus ou moins longues. Au plus fort de la saison, on peut retrouver jusqu&rsquo;\u00e0 15 personnes dans les champs ! Florence, notre magicienne des confitures, a rejoint l&rsquo;aventure de la ferme en 2008. Elle est la seule personne \u00e0 y travailler \u00e0 l&rsquo;ann\u00e9e et est la cheffe de la confiserie. C&rsquo;est gr\u00e2ce \u00e0 elle que les gourmandises produites sur la ferme prennent vie. Vous la retrouverez aussi \u00e0 l&rsquo;accueil de la libre-cueillette certains jours de l&rsquo;\u00e9t\u00e9. Merci au cru 2025 ! C&rsquo;est gr\u00e2ce \u00e0 vous si cette saison a \u00e9t\u00e9 si belle.<\/p>\n","protected":false},"author":4,"featured_media":0,"parent":0,"menu_order":0,"comment_status":"closed","ping_status":"closed","template":"","meta":{"footnotes":""},"class_list":["post-652","page","type-page","status-publish","hentry"],"jetpack_sharing_enabled":true,"_links":{"self":[{"href":"https:\/\/larondedesfruits.fr\/index.php?rest_route=\/wp\/v2\/pages\/652","targetHints":{"allow":["GET"]}}],"collection":[{"href":"https:\/\/larondedesfruits.fr\/index.php?rest_route=\/wp\/v2\/pages"}],"about":[{"href":"https:\/\/larondedesfruits.fr\/index.php?rest_route=\/wp\/v2\/types\/page"}],"author":[{"embeddable":true,"href":"https:\/\/larondedesfruits.fr\/index.php?rest_route=\/wp\/v2\/users\/4"}],"replies":[{"embeddable":true,"href":"https:\/\/larondedesfruits.fr\/index.php?rest_route=%2Fwp%2Fv2%2Fcomments&post=652"}],"version-history":[{"count":9,"href":"https:\/\/larondedesfruits.fr\/index.php?rest_route=\/wp\/v2\/pages\/652\/revisions"}],"predecessor-version":[{"id":846,"href":"https:\/\/larondedesfruits.fr\/index.php?rest_route=\/wp\/v2\/pages\/652\/revisions\/846"}],"wp:attachment":[{"href":"https:\/\/larondedesfruits.fr\/index.php?rest_route=%2Fwp%2Fv2%2Fmedia&parent=652"}],"curies":[{"name":"wp","href":"https:\/\/api.w.org\/{rel}","templated":true}]}}