{"id":75,"date":"2019-02-17T14:00:49","date_gmt":"2019-02-17T13:00:49","guid":{"rendered":"http:\/\/larondedesfruits.test\/?page_id=22"},"modified":"2025-10-26T07:37:44","modified_gmt":"2025-10-26T06:37:44","slug":"localisation","status":"publish","type":"page","link":"https:\/\/larondedesfruits.fr\/?page_id=75","title":{"rendered":"Localisation"},"content":{"rendered":"\n<div class=\"wp-block-columns is-layout-flex wp-container-core-columns-is-layout-9d6595d7 wp-block-columns-is-layout-flex\">\n<div class=\"wp-block-column is-layout-flow wp-block-column-is-layout-flow\" style=\"flex-basis:25%\"><\/div>\n\n\n\n<div class=\"wp-block-column is-layout-flow wp-block-column-is-layout-flow\" style=\"flex-basis:50%\">\n<p class=\"has-text-align-center\"><strong>La Ronde des Fruits<\/strong>\u00a0est situ\u00e9e dans le nord du Maine-et-Loire-, \u00e0 <strong>La Membrolle-sur-Longuen\u00e9e<\/strong>, entre mi-chemin entre Angers et Le Lion-d\u2019Angers.<\/p>\n<\/div>\n\n\n\n<div class=\"wp-block-column is-layout-flow wp-block-column-is-layout-flow\" style=\"flex-basis:25%\"><\/div>\n<\/div>\n\n\n\n<div class=\"wp-block-columns is-layout-flex wp-container-core-columns-is-layout-9d6595d7 wp-block-columns-is-layout-flex\">\n<div class=\"wp-block-column is-layout-flow wp-block-column-is-layout-flow\" style=\"flex-basis:25%\"><\/div>\n\n\n\n<div class=\"wp-block-column is-layout-flow wp-block-column-is-layout-flow\" style=\"flex-basis:50%\">\n<p class=\"has-text-align-center\">Depuis Angers, (environ 20 minutes), prendre la\u00a0D775\u00a0en direction du\u00a0Lion-d\u2019Angers\/Laval. Sortir \u00e0 La Membrolle-sur-Longuen\u00e9e, une fois dans le bourg, prendre \u00e0 droite\u00a0rue du cimeti\u00e8re\u00a0(apr\u00e8s la mairie, avant l\u2019\u00e9glise). Continuez sur environ 2km puis tourner \u00e0 droite sur le\u00a0Chemin des Noyers, le champs de vente \u00e0 cueillir se trouve un peu plus loin sur la droite.<\/p>\n<\/div>\n\n\n\n<div class=\"wp-block-column is-layout-flow wp-block-column-is-layout-flow\" style=\"flex-basis:25%\"><\/div>\n<\/div>\n\n\n\n<p><\/p>\n\n\n\n<div class=\"wp-block-gmap-gmap-block gmap-block-37i6hl44\"><iframe src=\"https:\/\/maps.google.com\/maps?q=La+Ronde+des+Fruits&amp;z=15&amp;t=k&amp;output=embed\" class=\"embd-map\" title=\"La Ronde des Fruits\"><\/iframe><\/div>\n","protected":false},"excerpt":{"rendered":"<p>La Ronde des Fruits\u00a0est situ\u00e9e dans le nord du Maine-et-Loire-, \u00e0 La Membrolle-sur-Longuen\u00e9e, entre mi-chemin entre Angers et Le Lion-d\u2019Angers. Depuis Angers, (environ 20 minutes), prendre la\u00a0D775\u00a0en direction du\u00a0Lion-d\u2019Angers\/Laval. Sortir \u00e0 La Membrolle-sur-Longuen\u00e9e, une fois dans le bourg, prendre \u00e0 droite\u00a0rue du cimeti\u00e8re\u00a0(apr\u00e8s la mairie, avant l\u2019\u00e9glise). Continuez sur environ 2km puis tourner \u00e0 droite sur le\u00a0Chemin des Noyers, le champs de vente \u00e0 cueillir se trouve un peu plus loin sur la droite.<\/p>\n","protected":false},"author":4,"featured_media":0,"parent":0,"menu_order":0,"comment_status":"closed","ping_status":"closed","template":"","meta":{"footnotes":""},"class_list":["post-75","page","type-page","status-publish","hentry"],"jetpack_sharing_enabled":true,"_links":{"self":[{"href":"https:\/\/larondedesfruits.fr\/index.php?rest_route=\/wp\/v2\/pages\/75","targetHints":{"allow":["GET"]}}],"collection":[{"href":"https:\/\/larondedesfruits.fr\/index.php?rest_route=\/wp\/v2\/pages"}],"about":[{"href":"https:\/\/larondedesfruits.fr\/index.php?rest_route=\/wp\/v2\/types\/page"}],"author":[{"embeddable":true,"href":"https:\/\/larondedesfruits.fr\/index.php?rest_route=\/wp\/v2\/users\/4"}],"replies":[{"embeddable":true,"href":"https:\/\/larondedesfruits.fr\/index.php?rest_route=%2Fwp%2Fv2%2Fcomments&post=75"}],"version-history":[{"count":9,"href":"https:\/\/larondedesfruits.fr\/index.php?rest_route=\/wp\/v2\/pages\/75\/revisions"}],"predecessor-version":[{"id":803,"href":"https:\/\/larondedesfruits.fr\/index.php?rest_route=\/wp\/v2\/pages\/75\/revisions\/803"}],"wp:attachment":[{"href":"https:\/\/larondedesfruits.fr\/index.php?rest_route=%2Fwp%2Fv2%2Fmedia&parent=75"}],"curies":[{"name":"wp","href":"https:\/\/api.w.org\/{rel}","templated":true}]}}